{"id":34,"date":"2018-10-10T10:18:04","date_gmt":"2018-10-10T10:18:04","guid":{"rendered":"http:\/\/oasishealthclub.life\/about-me\/"},"modified":"2024-05-30T10:24:53","modified_gmt":"2024-05-30T06:24:53","slug":"about-us","status":"publish","type":"page","link":"https:\/\/ayurveda.mu\/fr\/about-us\/","title":{"rendered":"\u00c0 propos de nous"},"content":{"rendered":"<div data-elementor-type=\"wp-post\" data-elementor-id=\"34\" class=\"elementor elementor-34\">\n\t\t\t\t\t\t<section class=\"elementor-section elementor-top-section elementor-element elementor-element-ee93392 elementor-section-height-min-height elementor-section-content-middle elementor-reverse-mobile elementor-section-items-stretch elementor-section-boxed elementor-section-height-default\" data-id=\"ee93392\" data-element_type=\"section\" data-settings=\"{&quot;background_background&quot;:&quot;classic&quot;}\">\n\t\t\t\t\t\t\t<div class=\"elementor-background-overlay\"><\/div>\n\t\t\t\t\t\t\t<div class=\"elementor-container elementor-column-gap-no\">\n\t\t\t\t\t<div class=\"elementor-column elementor-col-100 elementor-top-column elementor-element elementor-element-e278177\" data-id=\"e278177\" data-element_type=\"column\">\n\t\t\t<div class=\"elementor-widget-wrap elementor-element-populated\">\n\t\t\t\t\t\t<div class=\"elementor-element elementor-element-11a3743 elementor-widget elementor-widget-spacer\" data-id=\"11a3743\" data-element_type=\"widget\" data-widget_type=\"spacer.default\">\n\t\t\t\t<div class=\"elementor-widget-container\">\n\t\t\t\t\t<div class=\"elementor-spacer\">\n\t\t\t<div class=\"elementor-spacer-inner\"><\/div>\n\t\t<\/div>\n\t\t\t\t<\/div>\n\t\t\t\t<\/div>\n\t\t\t\t<div class=\"elementor-element elementor-element-433a736 elementor-widget elementor-widget-heading\" data-id=\"433a736\" data-element_type=\"widget\" data-widget_type=\"heading.default\">\n\t\t\t\t<div class=\"elementor-widget-container\">\n\t\t\t<h2 class=\"elementor-heading-title elementor-size-default\">\u00c0 propos de nous<\/h2>\t\t<\/div>\n\t\t\t\t<\/div>\n\t\t\t\t<div class=\"elementor-element elementor-element-73e3144 elementor-view-framed elementor-shape-circle elementor-widget elementor-widget-icon\" data-id=\"73e3144\" data-element_type=\"widget\" data-widget_type=\"icon.default\">\n\t\t\t\t<div class=\"elementor-widget-container\">\n\t\t\t\t\t<div class=\"elementor-icon-wrapper\">\n\t\t\t<a class=\"elementor-icon\" href=\"#inner-content\">\n\t\t\t\t\t\t\t<i class=\"fa fa-angle-down\" aria-hidden=\"true\"><\/i>\n\t\t\t\t\t\t<\/a>\n\t\t<\/div>\n\t\t\t\t<\/div>\n\t\t\t\t<\/div>\n\t\t\t\t\t<\/div>\n\t\t<\/div>\n\t\t\t\t\t<\/div>\n\t\t<\/section>\n\t\t\t\t<section class=\"elementor-section elementor-top-section elementor-element elementor-element-551e9f1 elementor-section-content-middle elementor-section-boxed elementor-section-height-default elementor-section-height-default\" data-id=\"551e9f1\" data-element_type=\"section\" data-settings=\"{&quot;background_background&quot;:&quot;classic&quot;}\">\n\t\t\t\t\t\t\t<div class=\"elementor-background-overlay\"><\/div>\n\t\t\t\t\t\t\t<div class=\"elementor-container elementor-column-gap-no\">\n\t\t\t\t\t<div class=\"elementor-column elementor-col-100 elementor-top-column elementor-element elementor-element-370a7204\" data-id=\"370a7204\" data-element_type=\"column\">\n\t\t\t<div class=\"elementor-widget-wrap elementor-element-populated\">\n\t\t\t\t\t\t<section class=\"elementor-section elementor-inner-section elementor-element elementor-element-4c4b14fb elementor-section-boxed elementor-section-height-default elementor-section-height-default\" data-id=\"4c4b14fb\" data-element_type=\"section\">\n\t\t\t\t\t\t<div class=\"elementor-container elementor-column-gap-extended\">\n\t\t\t\t\t<div class=\"elementor-column elementor-col-100 elementor-inner-column elementor-element elementor-element-6da22a5b\" data-id=\"6da22a5b\" data-element_type=\"column\">\n\t\t\t<div class=\"elementor-widget-wrap elementor-element-populated\">\n\t\t\t\t\t\t<div class=\"elementor-element elementor-element-6703af41 elementor-invisible elementor-widget elementor-widget-text-editor\" data-id=\"6703af41\" data-element_type=\"widget\" data-settings=\"{&quot;_animation&quot;:&quot;fadeInDown&quot;}\" data-widget_type=\"text-editor.default\">\n\t\t\t\t<div class=\"elementor-widget-container\">\n\t\t\t\t\t\t\t<p>The story started<\/p>\t\t\t\t\t\t<\/div>\n\t\t\t\t<\/div>\n\t\t\t\t<div class=\"elementor-element elementor-element-5363aa8a elementor-drop-cap-yes elementor-drop-cap-view-stacked elementor-widget elementor-widget-text-editor\" data-id=\"5363aa8a\" data-element_type=\"widget\" data-settings=\"{&quot;drop_cap&quot;:&quot;yes&quot;}\" data-widget_type=\"text-editor.default\">\n\t\t\t\t<div class=\"elementor-widget-container\">\n\t\t\t\t\t\t\t<p>La philosophie de Ved Holistic Care Center Ltd est ancr\u00e9e dans l\u2019ancienne approche indienne du bien-\u00eatre. Le centre a \u00e9t\u00e9 inaugur\u00e9 par Swami Satya Narayan Maurya, originaire d'Inde. Le Swami est un saint homme avec un talent extraordinaire; il est un po\u00e8te, musicien, chanteur, orateur, peintre et dessinateur inspir\u00e9. Chercheur de v\u00e9rit\u00e9 par nature et par son propre style de vie, il s'efforce de transmettre un message de prise de conscience dans les masses indiennes.<\/p><p>Inspir\u00e9s par la gu\u00e9rison traditionnelle, nous d\u00e9veloppons un chemin de vie holistique pour nourrir sa force vitale. L'\u00e9thique de nos traitements soigneusement recr\u00e9\u00e9s est inspir\u00e9e de la culture de la royaut\u00e9 indienne. Nos experts form\u00e9s proposent des soins uniques, utilisant des produits naturels exclusifs, dans un cadre harmonieux. Nous croyons que chaque individu est unique, donc les besoins et exigences individuels sont \u00e9valu\u00e9s avant que le programme ne soit s\u00e9lectionn\u00e9; gr\u00e2ce \u00e0 une consultation personnelle avec le consultant Ayurveda &amp; Wellness, le gu\u00e9risseur holistique Master Raj Beedasy. Cela fait partie int\u00e9grante de l'aide \u00e0 l'individu dans son voyage priv\u00e9 vers la compr\u00e9hension de soi, car notre concept de bien-\u00eatre est profond\u00e9ment enracin\u00e9 dans la conviction que le bien-\u00eatre d'un individu est l'int\u00e9gration compl\u00e8te du corps, de l'esprit et de l'esprit. <br \/><br \/>De nos jours, les m\u00e9decins et les patients du monde entier reconnaissent le fait qu'en conjonction avec l'allopathie, des th\u00e9rapies alternatives sont souvent utilis\u00e9es. La fusion de ces th\u00e9rapies avec un plan logique a un bien meilleur effet sur la sant\u00e9 d\u2019un patient que toute autre th\u00e9rapie isol\u00e9e. De m\u00eame, chez Ved Holistic Care Center Ltd, nous croyons en l'utilisation de th\u00e9rapies compl\u00e9mentaires et alternatives. De plus, nous proposons \u00e9galement une large gamme de soins pr\u00e9ventifs et de massages de relaxation.<br \/><br \/>Le point fort de Ved Holistic Care Center Ltd est ses th\u00e9rapies holistiques uniques.<\/p>\t\t\t\t\t\t<\/div>\n\t\t\t\t<\/div>\n\t\t\t\t\t<\/div>\n\t\t<\/div>\n\t\t\t\t\t<\/div>\n\t\t<\/section>\n\t\t\t\t<section class=\"elementor-section elementor-inner-section elementor-element elementor-element-a17b6e4 elementor-section-boxed elementor-section-height-default elementor-section-height-default\" data-id=\"a17b6e4\" data-element_type=\"section\">\n\t\t\t\t\t\t<div class=\"elementor-container elementor-column-gap-extended\">\n\t\t\t\t\t<div class=\"elementor-column elementor-col-100 elementor-inner-column elementor-element elementor-element-c64a5bb\" data-id=\"c64a5bb\" data-element_type=\"column\">\n\t\t\t<div class=\"elementor-widget-wrap elementor-element-populated\">\n\t\t\t\t\t\t<div class=\"elementor-element elementor-element-c44edf4 elementor-invisible elementor-widget elementor-widget-text-editor\" data-id=\"c44edf4\" data-element_type=\"widget\" data-settings=\"{&quot;_animation&quot;:&quot;fadeInDown&quot;}\" data-widget_type=\"text-editor.default\">\n\t\t\t\t<div class=\"elementor-widget-container\">\n\t\t\t\t\t\t\t<p>Pourquoi choisir le traitement holistique?<\/p>\t\t\t\t\t\t<\/div>\n\t\t\t\t<\/div>\n\t\t\t\t<div class=\"elementor-element elementor-element-94da6b2 elementor-widget elementor-widget-text-editor\" data-id=\"94da6b2\" data-element_type=\"widget\" data-widget_type=\"text-editor.default\">\n\t\t\t\t<div class=\"elementor-widget-container\">\n\t\t\t\t\t\t\tHolistic medicine focuses on treating the person as a whole rather than just a disorder\/illness. Holistic wellness believe that an individual is made up of different parts including physical, emotional, environmental and spiritual aspects. Holistic treatment caters for all of these aspects along with the illness unlike other practices.\n\nSurgery can be very painful and requires a lot of pre and post treatments at times. Holistic Treatments on the other hand, is not painful at all and when same is practiced on a regular basis by healthy individuals keeps possible ailments in check.\n\nAllopathy has various milestones to its credit. Modern tests and equipments have made it possible to diagnose various diseases and determine the location and extent of damages caused. In the event of accidents, surgery or severe infections, Allopathy is undoubtedly irreplaceable. At Ved Holistic Care Centre Ltd, Allopathy is given due importance along with our methods. Furthermore, we encourage the use of modern testing to come lap with better remedial actions. We believe that Allopathy and traditional Ayurvedic Methods can be used together foe better treatments in some cases.As stated in this article, you can browse your selection of available deals on smartphones and top brands and explore the <a href=\"https:\/\/www.high-endrolex.com\/\">cell phone<\/a> service plans that best suit your needs.\t\t\t\t\t\t<\/div>\n\t\t\t\t<\/div>\n\t\t\t\t\t<\/div>\n\t\t<\/div>\n\t\t\t\t\t<\/div>\n\t\t<\/section>\n\t\t\t\t<section class=\"elementor-section elementor-inner-section elementor-element elementor-element-457c92f elementor-section-boxed elementor-section-height-default elementor-section-height-default\" data-id=\"457c92f\" data-element_type=\"section\">\n\t\t\t\t\t\t<div class=\"elementor-container elementor-column-gap-extended\">\n\t\t\t\t\t<div class=\"elementor-column elementor-col-100 elementor-inner-column elementor-element elementor-element-8f015b9\" data-id=\"8f015b9\" data-element_type=\"column\">\n\t\t\t<div class=\"elementor-widget-wrap elementor-element-populated\">\n\t\t\t\t\t\t<div class=\"elementor-element elementor-element-2ea33bc elementor-invisible elementor-widget elementor-widget-text-editor\" data-id=\"2ea33bc\" data-element_type=\"widget\" data-settings=\"{&quot;_animation&quot;:&quot;fadeInDown&quot;}\" data-widget_type=\"text-editor.default\">\n\t\t\t\t<div class=\"elementor-widget-container\">\n\t\t\t\t\t\t\t<p>Les avantages des m\u00e9thodes compl\u00e9mentaires et alternatives:<\/p>\t\t\t\t\t\t<\/div>\n\t\t\t\t<\/div>\n\t\t\t\t<div class=\"elementor-element elementor-element-677b098 elementor-widget elementor-widget-text-editor\" data-id=\"677b098\" data-element_type=\"widget\" data-widget_type=\"text-editor.default\">\n\t\t\t\t<div class=\"elementor-widget-container\">\n\t\t\t\t\t\t\t<p>Dans certains cas, la cause profonde d'une maladie peut \u00eatre profond\u00e9ment enracin\u00e9e. Parfois, l'allopathie pure a du mal \u00e0 \u00e9radiquer la m\u00eame chose. Dans de tels cas, le Panchakarma de l'Ayurveda ou quelques simples Aasanas du Yoga font toute la diff\u00e9rence.<\/p><p>Par exemple, dans le cas d'un individu souffrant d'hypertension art\u00e9rielle, l'allopathie sugg\u00e9rerait une m\u00e9dication r\u00e9guli\u00e8re, ce qui s'av\u00e8re scientifiquement indispensable. Cependant, si l'hypertension art\u00e9rielle est caus\u00e9e par le stress, les m\u00e9dicaments seuls ne peuvent pas la r\u00e9duire ou l'\u00e9liminer compl\u00e8tement. Les traitements holistiques aident \u00e0 r\u00e9duire le niveau de stress.<\/p><p>Dans le cas d'un patient souffrant de diab\u00e8te de type 2, \u00e0 l'aide de m\u00e9thodes compl\u00e9mentaires et alternatives, celui-ci peut \u00eatre gu\u00e9ri, en utilisant des techniques holistiques.<\/p><p>De m\u00eame, de nombreuses maladies chroniques peuvent \u00eatre gu\u00e9ries en utilisant cette m\u00e9thode particuli\u00e8re, par exemple, de nombreux patients de ce type ont \u00e9t\u00e9 gu\u00e9ris au Ved Holistic Care Center Ltd en utilisant une approche de traitement logique et bien planifi\u00e9e - l'approche holistique.<\/p><p>Les avantages d'\u00eatre trait\u00e9 au Ved Holistic Care Center Ltd:<\/p><ul><li>M\u00e9thode naturelle sans effets secondaires.<\/li><li>Traitez le corps dans son ensemble.<\/li><li>Sans douleur<\/li><\/ul>\t\t\t\t\t\t<\/div>\n\t\t\t\t<\/div>\n\t\t\t\t\t<\/div>\n\t\t<\/div>\n\t\t\t\t\t<\/div>\n\t\t<\/section>\n\t\t\t\t\t<\/div>\n\t\t<\/div>\n\t\t\t\t\t<\/div>\n\t\t<\/section>\n\t\t\t\t<\/div>","protected":false},"excerpt":{"rendered":"<p>About us The story started The philosophy of Ved Holistic Care Centre Ltd is rooted in India\u2019s ancient approach to wellness. The centre was inaugurated by Swami Satya Narayan Maurya, native to India. The Swami is a holy man with an extraordinary talent; he is an inspired poet, Musician, singer, public speaker, painter and draftsman. &hellip;<\/p>\n<p class=\"read-more\"> <a class=\"\" href=\"https:\/\/ayurveda.mu\/fr\/about-us\/\"> <span class=\"screen-reader-text\">\u00c0 propos de nous<\/span> Lire la suite\u00a0\u00bb<\/a><\/p>","protected":false},"author":1,"featured_media":0,"parent":0,"menu_order":0,"comment_status":"closed","ping_status":"closed","template":"","meta":{"footnotes":""},"yoast_head":"<!-- This site is optimized with the Yoast SEO plugin v22.2 - https:\/\/yoast.com\/wordpress\/plugins\/seo\/ -->\n<title>About Us - Ved Holistic Care Centre<\/title>\n<meta name=\"robots\" content=\"index, follow, max-snippet:-1, max-image-preview:large, max-video-preview:-1\" \/>\n<link rel=\"canonical\" href=\"https:\/\/ayurveda.mu\/fr\/about-us\/\" \/>\n<meta property=\"og:locale\" content=\"fr_FR\" \/>\n<meta property=\"og:type\" content=\"article\" \/>\n<meta property=\"og:title\" content=\"About Us - Ved Holistic Care Centre\" \/>\n<meta property=\"og:description\" content=\"About us The story started The philosophy of Ved Holistic Care Centre Ltd is rooted in India\u2019s ancient approach to wellness. The centre was inaugurated by Swami Satya Narayan Maurya, native to India. The Swami is a holy man with an extraordinary talent; he is an inspired poet, Musician, singer, public speaker, painter and draftsman. &hellip; About Us Lire la suite\u00a0\u00bb\" \/>\n<meta property=\"og:url\" content=\"https:\/\/ayurveda.mu\/fr\/about-us\/\" \/>\n<meta property=\"og:site_name\" content=\"Ved Holistic Care Centre\" \/>\n<meta property=\"article:publisher\" content=\"https:\/\/www.facebook.com\/ayurveda.mu\/\" \/>\n<meta property=\"article:modified_time\" content=\"2024-05-30T06:24:53+00:00\" \/>\n<meta name=\"twitter:card\" content=\"summary_large_image\" \/>\n<meta name=\"twitter:label1\" content=\"Dur\u00e9e de lecture estim\u00e9e\" \/>\n\t<meta name=\"twitter:data1\" content=\"3 minutes\" \/>\n<script type=\"application\/ld+json\" class=\"yoast-schema-graph\">{\"@context\":\"https:\/\/schema.org\",\"@graph\":[{\"@type\":\"WebPage\",\"@id\":\"https:\/\/ayurveda.mu\/about-us\/\",\"url\":\"https:\/\/ayurveda.mu\/about-us\/\",\"name\":\"About Us - Ved Holistic Care Centre\",\"isPartOf\":{\"@id\":\"https:\/\/ayurveda.mu\/#website\"},\"datePublished\":\"2018-10-10T10:18:04+00:00\",\"dateModified\":\"2024-05-30T06:24:53+00:00\",\"breadcrumb\":{\"@id\":\"https:\/\/ayurveda.mu\/about-us\/#breadcrumb\"},\"inLanguage\":\"fr-FR\",\"potentialAction\":[{\"@type\":\"ReadAction\",\"target\":[\"https:\/\/ayurveda.mu\/about-us\/\"]}]},{\"@type\":\"BreadcrumbList\",\"@id\":\"https:\/\/ayurveda.mu\/about-us\/#breadcrumb\",\"itemListElement\":[{\"@type\":\"ListItem\",\"position\":1,\"name\":\"Home\",\"item\":\"https:\/\/ayurveda.mu\/\"},{\"@type\":\"ListItem\",\"position\":2,\"name\":\"About Us\"}]},{\"@type\":\"WebSite\",\"@id\":\"https:\/\/ayurveda.mu\/#website\",\"url\":\"https:\/\/ayurveda.mu\/\",\"name\":\"ayurveda.mu\",\"description\":\"\",\"publisher\":{\"@id\":\"https:\/\/ayurveda.mu\/#organization\"},\"potentialAction\":[{\"@type\":\"SearchAction\",\"target\":{\"@type\":\"EntryPoint\",\"urlTemplate\":\"https:\/\/ayurveda.mu\/?s={search_term_string}\"},\"query-input\":\"required name=search_term_string\"}],\"inLanguage\":\"fr-FR\"},{\"@type\":\"Organization\",\"@id\":\"https:\/\/ayurveda.mu\/#organization\",\"name\":\"Ved Holistic Care Centre\",\"url\":\"https:\/\/ayurveda.mu\/\",\"logo\":{\"@type\":\"ImageObject\",\"inLanguage\":\"fr-FR\",\"@id\":\"https:\/\/ayurveda.mu\/#\/schema\/logo\/image\/\",\"url\":\"https:\/\/ayurveda.mu\/wp-content\/uploads\/2021\/05\/as.png\",\"contentUrl\":\"https:\/\/ayurveda.mu\/wp-content\/uploads\/2021\/05\/as.png\",\"width\":139,\"height\":101,\"caption\":\"Ved Holistic Care Centre\"},\"image\":{\"@id\":\"https:\/\/ayurveda.mu\/#\/schema\/logo\/image\/\"},\"sameAs\":[\"https:\/\/www.facebook.com\/ayurveda.mu\/\",\"https:\/\/www.tripadvisor.fr\/Attraction_Review-g2021434-d5973774-Reviews-Ved_Holistic-Triolet.html\",\"https:\/\/www.instagram.com\/ayurveda.mu\/\"]}]}<\/script>\n<!-- \/ Yoast SEO plugin. -->","yoast_head_json":{"title":"About Us - Ved Holistic Care Centre","robots":{"index":"index","follow":"follow","max-snippet":"max-snippet:-1","max-image-preview":"max-image-preview:large","max-video-preview":"max-video-preview:-1"},"canonical":"https:\/\/ayurveda.mu\/fr\/about-us\/","og_locale":"fr_FR","og_type":"article","og_title":"About Us - Ved Holistic Care Centre","og_description":"About us The story started The philosophy of Ved Holistic Care Centre Ltd is rooted in India\u2019s ancient approach to wellness. The centre was inaugurated by Swami Satya Narayan Maurya, native to India. The Swami is a holy man with an extraordinary talent; he is an inspired poet, Musician, singer, public speaker, painter and draftsman. &hellip; About Us Lire la suite\u00a0\u00bb","og_url":"https:\/\/ayurveda.mu\/fr\/about-us\/","og_site_name":"Ved Holistic Care Centre","article_publisher":"https:\/\/www.facebook.com\/ayurveda.mu\/","article_modified_time":"2024-05-30T06:24:53+00:00","twitter_card":"summary_large_image","twitter_misc":{"Dur\u00e9e de lecture estim\u00e9e":"3 minutes"},"schema":{"@context":"https:\/\/schema.org","@graph":[{"@type":"WebPage","@id":"https:\/\/ayurveda.mu\/about-us\/","url":"https:\/\/ayurveda.mu\/about-us\/","name":"About Us - Ved Holistic Care Centre","isPartOf":{"@id":"https:\/\/ayurveda.mu\/#website"},"datePublished":"2018-10-10T10:18:04+00:00","dateModified":"2024-05-30T06:24:53+00:00","breadcrumb":{"@id":"https:\/\/ayurveda.mu\/about-us\/#breadcrumb"},"inLanguage":"fr-FR","potentialAction":[{"@type":"ReadAction","target":["https:\/\/ayurveda.mu\/about-us\/"]}]},{"@type":"BreadcrumbList","@id":"https:\/\/ayurveda.mu\/about-us\/#breadcrumb","itemListElement":[{"@type":"ListItem","position":1,"name":"Home","item":"https:\/\/ayurveda.mu\/"},{"@type":"ListItem","position":2,"name":"About Us"}]},{"@type":"WebSite","@id":"https:\/\/ayurveda.mu\/#website","url":"https:\/\/ayurveda.mu\/","name":"ayurveda.mu","description":"","publisher":{"@id":"https:\/\/ayurveda.mu\/#organization"},"potentialAction":[{"@type":"SearchAction","target":{"@type":"EntryPoint","urlTemplate":"https:\/\/ayurveda.mu\/?s={search_term_string}"},"query-input":"required name=search_term_string"}],"inLanguage":"fr-FR"},{"@type":"Organization","@id":"https:\/\/ayurveda.mu\/#organization","name":"Ved Holistic Care Centre","url":"https:\/\/ayurveda.mu\/","logo":{"@type":"ImageObject","inLanguage":"fr-FR","@id":"https:\/\/ayurveda.mu\/#\/schema\/logo\/image\/","url":"https:\/\/ayurveda.mu\/wp-content\/uploads\/2021\/05\/as.png","contentUrl":"https:\/\/ayurveda.mu\/wp-content\/uploads\/2021\/05\/as.png","width":139,"height":101,"caption":"Ved Holistic Care Centre"},"image":{"@id":"https:\/\/ayurveda.mu\/#\/schema\/logo\/image\/"},"sameAs":["https:\/\/www.facebook.com\/ayurveda.mu\/","https:\/\/www.tripadvisor.fr\/Attraction_Review-g2021434-d5973774-Reviews-Ved_Holistic-Triolet.html","https:\/\/www.instagram.com\/ayurveda.mu\/"]}]}},"_links":{"self":[{"href":"https:\/\/ayurveda.mu\/fr\/wp-json\/wp\/v2\/pages\/34"}],"collection":[{"href":"https:\/\/ayurveda.mu\/fr\/wp-json\/wp\/v2\/pages"}],"about":[{"href":"https:\/\/ayurveda.mu\/fr\/wp-json\/wp\/v2\/types\/page"}],"author":[{"embeddable":true,"href":"https:\/\/ayurveda.mu\/fr\/wp-json\/wp\/v2\/users\/1"}],"replies":[{"embeddable":true,"href":"https:\/\/ayurveda.mu\/fr\/wp-json\/wp\/v2\/comments?post=34"}],"version-history":[{"count":100,"href":"https:\/\/ayurveda.mu\/fr\/wp-json\/wp\/v2\/pages\/34\/revisions"}],"predecessor-version":[{"id":3142,"href":"https:\/\/ayurveda.mu\/fr\/wp-json\/wp\/v2\/pages\/34\/revisions\/3142"}],"wp:attachment":[{"href":"https:\/\/ayurveda.mu\/fr\/wp-json\/wp\/v2\/media?parent=34"}],"curies":[{"name":"wp","href":"https:\/\/api.w.org\/{rel}","templated":true}]}}